{"id":6880,"date":"2022-02-14T14:41:07","date_gmt":"2022-02-14T14:41:07","guid":{"rendered":"https:\/\/www.realvnc.com\/?page_id=6880"},"modified":"2022-02-17T23:19:37","modified_gmt":"2022-02-17T23:19:37","slug":"download-the-vnc-connect-security-whitepaper","status":"publish","type":"page","link":"https:\/\/www.realvnc.com\/pt\/connect\/download-the-vnc-connect-security-whitepaper\/","title":{"rendered":"Download the VNC Connect security whitepaper"},"content":{"rendered":"\t\t<div data-elementor-type=\"wp-page\" data-elementor-id=\"6880\" class=\"elementor elementor-6880 elementor-3338\" data-elementor-post-type=\"page\">\n\t\t\t\t\t\t<section class=\"elementor-section elementor-top-section elementor-element elementor-element-2ecc0ccc elementor-section-height-min-height elementor-section-stretched elementor-section-boxed elementor-section-height-default elementor-section-items-middle\" data-id=\"2ecc0ccc\" data-element_type=\"section\" data-e-type=\"section\" data-settings=\"{&quot;stretch_section&quot;:&quot;section-stretched&quot;,&quot;background_background&quot;:&quot;classic&quot;}\">\n\t\t\t\t\t\t<div class=\"elementor-container elementor-column-gap-default\">\n\t\t\t\t\t<div class=\"elementor-column elementor-col-100 elementor-top-column elementor-element elementor-element-3e16b7f4\" data-id=\"3e16b7f4\" data-element_type=\"column\" data-e-type=\"column\">\n\t\t\t<div class=\"elementor-widget-wrap elementor-element-populated\">\n\t\t\t\t\t\t<div class=\"elementor-element elementor-element-3c6870be elementor-widget elementor-widget-spacer\" data-id=\"3c6870be\" data-element_type=\"widget\" data-e-type=\"widget\" data-widget_type=\"spacer.default\">\n\t\t\t\t<div class=\"elementor-widget-container\">\n\t\t\t\t\t\t\t<div class=\"elementor-spacer\">\n\t\t\t<div class=\"elementor-spacer-inner\"><\/div>\n\t\t<\/div>\n\t\t\t\t\t\t<\/div>\n\t\t\t\t<\/div>\n\t\t\t\t<div class=\"elementor-element elementor-element-9db91ee elementor-widget elementor-widget-heading\" data-id=\"9db91ee\" data-element_type=\"widget\" data-e-type=\"widget\" data-widget_type=\"heading.default\">\n\t\t\t\t<div class=\"elementor-widget-container\">\n\t\t\t\t\t<h1 class=\"elementor-heading-title elementor-size-default\">Baixar o white paper de seguran\u00e7a do VNC Connect<\/h1>\t\t\t\t<\/div>\n\t\t\t\t<\/div>\n\t\t\t\t<div class=\"elementor-element elementor-element-43eea8f7 elementor-widget elementor-widget-heading\" data-id=\"43eea8f7\" data-element_type=\"widget\" data-e-type=\"widget\" data-widget_type=\"heading.default\">\n\t\t\t\t<div class=\"elementor-widget-container\">\n\t\t\t\t\t<h3 class=\"elementor-heading-title elementor-size-default\">VNC Connect, a escolha segura e confi\u00e1vel<\/h3>\t\t\t\t<\/div>\n\t\t\t\t<\/div>\n\t\t\t\t\t<\/div>\n\t\t<\/div>\n\t\t\t\t\t<\/div>\n\t\t<\/section>\n\t\t\t\t<section class=\"elementor-section elementor-top-section elementor-element elementor-element-3bbd6fbb elementor-section-boxed elementor-section-height-default elementor-section-height-default\" data-id=\"3bbd6fbb\" data-element_type=\"section\" data-e-type=\"section\">\n\t\t\t\t\t\t<div class=\"elementor-container elementor-column-gap-default\">\n\t\t\t\t\t<div class=\"elementor-column elementor-col-100 elementor-top-column elementor-element elementor-element-39212c69\" data-id=\"39212c69\" data-element_type=\"column\" data-e-type=\"column\">\n\t\t\t<div class=\"elementor-widget-wrap elementor-element-populated\">\n\t\t\t\t\t\t<div class=\"elementor-element elementor-element-4f98ff46 elementor-widget elementor-widget-spacer\" data-id=\"4f98ff46\" data-element_type=\"widget\" data-e-type=\"widget\" data-widget_type=\"spacer.default\">\n\t\t\t\t<div class=\"elementor-widget-container\">\n\t\t\t\t\t\t\t<div class=\"elementor-spacer\">\n\t\t\t<div class=\"elementor-spacer-inner\"><\/div>\n\t\t<\/div>\n\t\t\t\t\t\t<\/div>\n\t\t\t\t<\/div>\n\t\t\t\t\t<\/div>\n\t\t<\/div>\n\t\t\t\t\t<\/div>\n\t\t<\/section>\n\t\t\t\t<section class=\"elementor-section elementor-top-section elementor-element elementor-element-7f9e4e77 elementor-section-boxed elementor-section-height-default elementor-section-height-default\" data-id=\"7f9e4e77\" data-element_type=\"section\" data-e-type=\"section\">\n\t\t\t\t\t\t<div class=\"elementor-container elementor-column-gap-wider\">\n\t\t\t\t\t<div class=\"elementor-column elementor-col-50 elementor-top-column elementor-element elementor-element-3541d7f5\" data-id=\"3541d7f5\" data-element_type=\"column\" data-e-type=\"column\">\n\t\t\t<div class=\"elementor-widget-wrap elementor-element-populated\">\n\t\t\t\t\t\t<div class=\"elementor-element elementor-element-3758f1db elementor-widget elementor-widget-text-editor\" data-id=\"3758f1db\" data-element_type=\"widget\" data-e-type=\"widget\" data-widget_type=\"text-editor.default\">\n\t\t\t\t<div class=\"elementor-widget-container\">\n\t\t\t\t\t\t\t\t\t<p>A seguran\u00e7a dos clientes \u00e9 primordial para a RealVNC. Por isso, nossa estrat\u00e9gia de seguran\u00e7a est\u00e1 presente em todos os aspectos de nosso software VNC Connect. N\u00f3s investimos pesado em nossa seguran\u00e7a e temos muito orgulho de nosso hist\u00f3rico de sucesso.<\/p>\t\t\t\t\t\t\t\t<\/div>\n\t\t\t\t<\/div>\n\t\t\t\t<section class=\"elementor-section elementor-inner-section elementor-element elementor-element-35781cba elementor-section-boxed elementor-section-height-default elementor-section-height-default\" data-id=\"35781cba\" data-element_type=\"section\" data-e-type=\"section\">\n\t\t\t\t\t\t<div class=\"elementor-container elementor-column-gap-no\">\n\t\t\t\t\t<div class=\"elementor-column elementor-col-50 elementor-inner-column elementor-element elementor-element-4c5089f2\" data-id=\"4c5089f2\" data-element_type=\"column\" data-e-type=\"column\">\n\t\t\t<div class=\"elementor-widget-wrap elementor-element-populated\">\n\t\t\t\t\t\t<div class=\"elementor-element elementor-element-2f3a6586 elementor-widget elementor-widget-text-editor\" data-id=\"2f3a6586\" data-element_type=\"widget\" data-e-type=\"widget\" data-widget_type=\"text-editor.default\">\n\t\t\t\t<div class=\"elementor-widget-container\">\n\t\t\t\t\t\t\t\t\t<p>Os t\u00f3picos de seguran\u00e7a discutidos incluem:<\/p><ul><li>Arquitetura de seguran\u00e7a<\/li><li>Infraestrutura de nuvem<\/li><li>Seguran\u00e7a dos clientes<\/li><li>Procedimentos de desenvolvimento<\/li><\/ul>\t\t\t\t\t\t\t\t<\/div>\n\t\t\t\t<\/div>\n\t\t\t\t\t<\/div>\n\t\t<\/div>\n\t\t\t\t<div class=\"elementor-column elementor-col-50 elementor-inner-column elementor-element elementor-element-bc24d6\" data-id=\"bc24d6\" data-element_type=\"column\" data-e-type=\"column\">\n\t\t\t<div class=\"elementor-widget-wrap elementor-element-populated\">\n\t\t\t\t\t\t<div class=\"elementor-element elementor-element-37c266a8 elementor-widget elementor-widget-image\" data-id=\"37c266a8\" data-element_type=\"widget\" data-e-type=\"widget\" data-widget_type=\"image.default\">\n\t\t\t\t<div class=\"elementor-widget-container\">\n\t\t\t\t\t\t\t\t\t\t\t\t\t\t\t<img fetchpriority=\"high\" decoding=\"async\" width=\"280\" height=\"307\" src=\"https:\/\/www.realvnc.com\/wp-content\/uploads\/2022\/02\/vnc-connect-security-whitepaper-cover.width-500.png\" class=\"attachment-large size-large wp-image-14763\" alt=\"vnc-connect-security-whitepaper-cover\" srcset=\"https:\/\/www.realvnc.com\/wp-content\/uploads\/2022\/02\/vnc-connect-security-whitepaper-cover.width-500.png 280w, https:\/\/www.realvnc.com\/wp-content\/uploads\/2022\/02\/vnc-connect-security-whitepaper-cover.width-500-274x300.png 274w\" sizes=\"(max-width: 280px) 100vw, 280px\" \/>\t\t\t\t\t\t\t\t\t\t\t\t\t\t\t<\/div>\n\t\t\t\t<\/div>\n\t\t\t\t\t<\/div>\n\t\t<\/div>\n\t\t\t\t\t<\/div>\n\t\t<\/section>\n\t\t\t\t<div class=\"elementor-element elementor-element-62965bd1 elementor-widget elementor-widget-text-editor\" data-id=\"62965bd1\" data-element_type=\"widget\" data-e-type=\"widget\" data-widget_type=\"text-editor.default\">\n\t\t\t\t<div class=\"elementor-widget-container\">\n\t\t\t\t\t\t\t\t\t<p>O documento detalha as medidas consistentes que tomamos para garantir que as conex\u00f5es de acesso remoto do VNC Connect sejam as mais seguras poss\u00edveis.<\/p><p>Insira seus dados para baixar agora.<\/p>\t\t\t\t\t\t\t\t<\/div>\n\t\t\t\t<\/div>\n\t\t\t\t\t<\/div>\n\t\t<\/div>\n\t\t\t\t<div class=\"elementor-column elementor-col-50 elementor-top-column elementor-element elementor-element-2aed15e6\" data-id=\"2aed15e6\" data-element_type=\"column\" data-e-type=\"column\">\n\t\t\t<div class=\"elementor-widget-wrap elementor-element-populated\">\n\t\t\t\t\t\t<div class=\"elementor-element elementor-element-c18bce8 elementor-widget elementor-widget-shortcode\" data-id=\"c18bce8\" data-element_type=\"widget\" data-e-type=\"widget\" data-widget_type=\"shortcode.default\">\n\t\t\t\t<div class=\"elementor-widget-container\">\n\t\t\t\t\t\t\t<div class=\"elementor-shortcode\">\n\t\t\t\t\t\t<script>\n\t\t\t\t\t\t\twindow.hsFormsOnReady = window.hsFormsOnReady || [];\n\t\t\t\t\t\t\twindow.hsFormsOnReady.push(()=>{\n\t\t\t\t\t\t\t\thbspt.forms.create({\n\t\t\t\t\t\t\t\t\tportalId: 2252956,\n\t\t\t\t\t\t\t\t\tformId: \"6581293d-1680-4576-a081-43b008450cb0\",\n\t\t\t\t\t\t\t\t\ttarget: \"#hbspt-form-1777518357000-7821856980\",\n\t\t\t\t\t\t\t\t\tregion: \"\",\n\t\t\t\t\t\t\t\t\t\n\t\t\t\t\t\t\t})});\n\t\t\t\t\t\t<\/script>\n\t\t\t\t\t\t<div class=\"hbspt-form\" id=\"hbspt-form-1777518357000-7821856980\"><\/div><\/div>\n\t\t\t\t\t\t<\/div>\n\t\t\t\t<\/div>\n\t\t\t\t\t<\/div>\n\t\t<\/div>\n\t\t\t\t\t<\/div>\n\t\t<\/section>\n\t\t\t\t<section class=\"elementor-section elementor-top-section elementor-element elementor-element-6b3a8b94 elementor-section-boxed elementor-section-height-default elementor-section-height-default\" data-id=\"6b3a8b94\" data-element_type=\"section\" data-e-type=\"section\">\n\t\t\t\t\t\t<div class=\"elementor-container elementor-column-gap-default\">\n\t\t\t\t\t<div class=\"elementor-column elementor-col-100 elementor-top-column elementor-element elementor-element-351a3985\" data-id=\"351a3985\" data-element_type=\"column\" data-e-type=\"column\">\n\t\t\t<div class=\"elementor-widget-wrap elementor-element-populated\">\n\t\t\t\t\t\t<div class=\"elementor-element elementor-element-585c94fc elementor-widget elementor-widget-spacer\" data-id=\"585c94fc\" data-element_type=\"widget\" data-e-type=\"widget\" data-widget_type=\"spacer.default\">\n\t\t\t\t<div class=\"elementor-widget-container\">\n\t\t\t\t\t\t\t<div class=\"elementor-spacer\">\n\t\t\t<div class=\"elementor-spacer-inner\"><\/div>\n\t\t<\/div>\n\t\t\t\t\t\t<\/div>\n\t\t\t\t<\/div>\n\t\t\t\t\t<\/div>\n\t\t<\/div>\n\t\t\t\t\t<\/div>\n\t\t<\/section>\n\t\t\t\t<\/div>\n\t\t","protected":false},"excerpt":{"rendered":"<p>Baixar o white paper de seguran\u00e7a do VNC Connect VNC Connect, a escolha segura e confi\u00e1vel A seguran\u00e7a dos clientes \u00e9 primordial para a RealVNC. Por isso, nossa estrat\u00e9gia de seguran\u00e7a est\u00e1 presente em todos os aspectos de nosso software VNC Connect. N\u00f3s investimos pesado em nossa seguran\u00e7a e temos muito orgulho de nosso hist\u00f3rico &#8230; <a title=\"Download the VNC Connect security whitepaper\" class=\"read-more\" href=\"https:\/\/www.realvnc.com\/pt\/connect\/download-the-vnc-connect-security-whitepaper\/\" aria-label=\"Read more about Download the VNC Connect security whitepaper\">Read more<\/a><\/p>\n","protected":false},"author":32,"featured_media":0,"parent":6832,"menu_order":0,"comment_status":"closed","ping_status":"closed","template":"","meta":{"_acf_changed":false,"content-type":"","footnotes":""},"class_list":["post-6880","page","type-page","status-publish"],"acf":[],"yoast_head":"<!-- This site is optimized with the Yoast SEO plugin v27.5 - https:\/\/yoast.com\/product\/yoast-seo-wordpress\/ -->\n<title>Artigo t\u00e9cnico de seguran\u00e7a do VNC Connect | VNC Connect<\/title>\n<meta name=\"description\" content=\"A seguran\u00e7a dos clientes \u00e9 primordial para a RealVNC. Por isso, nossa estrat\u00e9gia de seguran\u00e7a est\u00e1 presente em todos os aspectos de nosso software VNC Connect.\" \/>\n<meta name=\"robots\" content=\"index, follow, max-snippet:-1, max-image-preview:large, max-video-preview:-1\" \/>\n<link rel=\"canonical\" href=\"https:\/\/www.realvnc.com\/pt\/connect\/download-the-vnc-connect-security-whitepaper\/\" \/>\n<meta property=\"og:locale\" content=\"pt_PT\" \/>\n<meta property=\"og:type\" content=\"article\" \/>\n<meta property=\"og:title\" content=\"Artigo t\u00e9cnico de seguran\u00e7a do VNC Connect | VNC Connect\" \/>\n<meta property=\"og:description\" content=\"A seguran\u00e7a dos clientes \u00e9 primordial para a RealVNC. Por isso, nossa estrat\u00e9gia de seguran\u00e7a est\u00e1 presente em todos os aspectos de nosso software VNC Connect.\" \/>\n<meta property=\"og:url\" content=\"https:\/\/www.realvnc.com\/pt\/connect\/download-the-vnc-connect-security-whitepaper\/\" \/>\n<meta property=\"og:site_name\" content=\"RealVNC\u00ae\" \/>\n<meta property=\"article:publisher\" content=\"https:\/\/www.facebook.com\/realvnc\" \/>\n<meta property=\"article:modified_time\" content=\"2022-02-17T23:19:37+00:00\" \/>\n<meta property=\"og:image\" content=\"https:\/\/www.realvnc.com\/wp-content\/uploads\/2022\/02\/vnc-connect-security-whitepaper-cover.width-500.png\" \/>\n<meta name=\"twitter:card\" content=\"summary_large_image\" \/>\n<meta name=\"twitter:site\" content=\"@realvnc\" \/>\n<meta name=\"twitter:label1\" content=\"Est. reading time\" \/>\n\t<meta name=\"twitter:data1\" content=\"1 minute\" \/>\n<script type=\"application\/ld+json\" class=\"yoast-schema-graph\">{\"@context\":\"https:\\\/\\\/schema.org\",\"@graph\":[{\"@type\":\"WebPage\",\"@id\":\"https:\\\/\\\/www.realvnc.com\\\/pt\\\/connect\\\/download-the-vnc-connect-security-whitepaper\\\/\",\"url\":\"https:\\\/\\\/www.realvnc.com\\\/pt\\\/connect\\\/download-the-vnc-connect-security-whitepaper\\\/\",\"name\":\"Artigo t\u00e9cnico de seguran\u00e7a do VNC Connect | VNC Connect\",\"isPartOf\":{\"@id\":\"https:\\\/\\\/www.realvnc.com\\\/pt\\\/#website\"},\"primaryImageOfPage\":{\"@id\":\"https:\\\/\\\/www.realvnc.com\\\/pt\\\/connect\\\/download-the-vnc-connect-security-whitepaper\\\/#primaryimage\"},\"image\":{\"@id\":\"https:\\\/\\\/www.realvnc.com\\\/pt\\\/connect\\\/download-the-vnc-connect-security-whitepaper\\\/#primaryimage\"},\"thumbnailUrl\":\"https:\\\/\\\/www.realvnc.com\\\/wp-content\\\/uploads\\\/2022\\\/02\\\/vnc-connect-security-whitepaper-cover.width-500.png\",\"datePublished\":\"2022-02-14T14:41:07+00:00\",\"dateModified\":\"2022-02-17T23:19:37+00:00\",\"description\":\"A seguran\u00e7a dos clientes \u00e9 primordial para a RealVNC. Por isso, nossa estrat\u00e9gia de seguran\u00e7a est\u00e1 presente em todos os aspectos de nosso software VNC Connect.\",\"breadcrumb\":{\"@id\":\"https:\\\/\\\/www.realvnc.com\\\/pt\\\/connect\\\/download-the-vnc-connect-security-whitepaper\\\/#breadcrumb\"},\"inLanguage\":\"pt\",\"potentialAction\":[{\"@type\":\"ReadAction\",\"target\":[\"https:\\\/\\\/www.realvnc.com\\\/pt\\\/connect\\\/download-the-vnc-connect-security-whitepaper\\\/\"]}]},{\"@type\":\"ImageObject\",\"inLanguage\":\"pt\",\"@id\":\"https:\\\/\\\/www.realvnc.com\\\/pt\\\/connect\\\/download-the-vnc-connect-security-whitepaper\\\/#primaryimage\",\"url\":\"https:\\\/\\\/www.realvnc.com\\\/wp-content\\\/uploads\\\/2022\\\/02\\\/vnc-connect-security-whitepaper-cover.width-500.png\",\"contentUrl\":\"https:\\\/\\\/www.realvnc.com\\\/wp-content\\\/uploads\\\/2022\\\/02\\\/vnc-connect-security-whitepaper-cover.width-500.png\"},{\"@type\":\"BreadcrumbList\",\"@id\":\"https:\\\/\\\/www.realvnc.com\\\/pt\\\/connect\\\/download-the-vnc-connect-security-whitepaper\\\/#breadcrumb\",\"itemListElement\":[{\"@type\":\"ListItem\",\"position\":1,\"name\":\"Home\",\"item\":\"https:\\\/\\\/www.realvnc.com\\\/pt\\\/\"},{\"@type\":\"ListItem\",\"position\":2,\"name\":\"Connect\",\"item\":\"https:\\\/\\\/www.realvnc.com\\\/pt\\\/connect\\\/\"},{\"@type\":\"ListItem\",\"position\":3,\"name\":\"Download the VNC Connect security whitepaper\"}]},{\"@type\":\"WebSite\",\"@id\":\"https:\\\/\\\/www.realvnc.com\\\/pt\\\/#website\",\"url\":\"https:\\\/\\\/www.realvnc.com\\\/pt\\\/\",\"name\":\"RealVNC\u00ae\",\"description\":\"The world&#039;s safest remote access software\",\"publisher\":{\"@id\":\"https:\\\/\\\/www.realvnc.com\\\/pt\\\/#organization\"},\"potentialAction\":[{\"@type\":\"SearchAction\",\"target\":{\"@type\":\"EntryPoint\",\"urlTemplate\":\"https:\\\/\\\/www.realvnc.com\\\/pt\\\/?s={search_term_string}\"},\"query-input\":{\"@type\":\"PropertyValueSpecification\",\"valueRequired\":true,\"valueName\":\"search_term_string\"}}],\"inLanguage\":\"pt\"},{\"@type\":\"Organization\",\"@id\":\"https:\\\/\\\/www.realvnc.com\\\/pt\\\/#organization\",\"name\":\"RealVNC\u00ae\",\"url\":\"https:\\\/\\\/www.realvnc.com\\\/pt\\\/\",\"logo\":{\"@type\":\"ImageObject\",\"inLanguage\":\"pt\",\"@id\":\"https:\\\/\\\/www.realvnc.com\\\/pt\\\/#\\\/schema\\\/logo\\\/image\\\/\",\"url\":\"https:\\\/\\\/www.realvnc.com\\\/wp-content\\\/uploads\\\/2023\\\/05\\\/realvnc-logo-blue.png\",\"contentUrl\":\"https:\\\/\\\/www.realvnc.com\\\/wp-content\\\/uploads\\\/2023\\\/05\\\/realvnc-logo-blue.png\",\"width\":300,\"height\":41,\"caption\":\"RealVNC\u00ae\"},\"image\":{\"@id\":\"https:\\\/\\\/www.realvnc.com\\\/pt\\\/#\\\/schema\\\/logo\\\/image\\\/\"},\"sameAs\":[\"https:\\\/\\\/www.facebook.com\\\/realvnc\",\"https:\\\/\\\/x.com\\\/realvnc\",\"https:\\\/\\\/www.linkedin.com\\\/company\\\/realvnc\\\/\",\"https:\\\/\\\/www.youtube.com\\\/RealVNCLtd\",\"https:\\\/\\\/en.wikipedia.org\\\/wiki\\\/RealVNC\"]}]}<\/script>\n<!-- \/ Yoast SEO plugin. -->","yoast_head_json":{"title":"Artigo t\u00e9cnico de seguran\u00e7a do VNC Connect | VNC Connect","description":"A seguran\u00e7a dos clientes \u00e9 primordial para a RealVNC. Por isso, nossa estrat\u00e9gia de seguran\u00e7a est\u00e1 presente em todos os aspectos de nosso software VNC Connect.","robots":{"index":"index","follow":"follow","max-snippet":"max-snippet:-1","max-image-preview":"max-image-preview:large","max-video-preview":"max-video-preview:-1"},"canonical":"https:\/\/www.realvnc.com\/pt\/connect\/download-the-vnc-connect-security-whitepaper\/","og_locale":"pt_PT","og_type":"article","og_title":"Artigo t\u00e9cnico de seguran\u00e7a do VNC Connect | VNC Connect","og_description":"A seguran\u00e7a dos clientes \u00e9 primordial para a RealVNC. Por isso, nossa estrat\u00e9gia de seguran\u00e7a est\u00e1 presente em todos os aspectos de nosso software VNC Connect.","og_url":"https:\/\/www.realvnc.com\/pt\/connect\/download-the-vnc-connect-security-whitepaper\/","og_site_name":"RealVNC\u00ae","article_publisher":"https:\/\/www.facebook.com\/realvnc","article_modified_time":"2022-02-17T23:19:37+00:00","og_image":[{"url":"https:\/\/www.realvnc.com\/wp-content\/uploads\/2022\/02\/vnc-connect-security-whitepaper-cover.width-500.png","type":"","width":"","height":""}],"twitter_card":"summary_large_image","twitter_site":"@realvnc","twitter_misc":{"Est. reading time":"1 minute"},"schema":{"@context":"https:\/\/schema.org","@graph":[{"@type":"WebPage","@id":"https:\/\/www.realvnc.com\/pt\/connect\/download-the-vnc-connect-security-whitepaper\/","url":"https:\/\/www.realvnc.com\/pt\/connect\/download-the-vnc-connect-security-whitepaper\/","name":"Artigo t\u00e9cnico de seguran\u00e7a do VNC Connect | VNC Connect","isPartOf":{"@id":"https:\/\/www.realvnc.com\/pt\/#website"},"primaryImageOfPage":{"@id":"https:\/\/www.realvnc.com\/pt\/connect\/download-the-vnc-connect-security-whitepaper\/#primaryimage"},"image":{"@id":"https:\/\/www.realvnc.com\/pt\/connect\/download-the-vnc-connect-security-whitepaper\/#primaryimage"},"thumbnailUrl":"https:\/\/www.realvnc.com\/wp-content\/uploads\/2022\/02\/vnc-connect-security-whitepaper-cover.width-500.png","datePublished":"2022-02-14T14:41:07+00:00","dateModified":"2022-02-17T23:19:37+00:00","description":"A seguran\u00e7a dos clientes \u00e9 primordial para a RealVNC. Por isso, nossa estrat\u00e9gia de seguran\u00e7a est\u00e1 presente em todos os aspectos de nosso software VNC Connect.","breadcrumb":{"@id":"https:\/\/www.realvnc.com\/pt\/connect\/download-the-vnc-connect-security-whitepaper\/#breadcrumb"},"inLanguage":"pt","potentialAction":[{"@type":"ReadAction","target":["https:\/\/www.realvnc.com\/pt\/connect\/download-the-vnc-connect-security-whitepaper\/"]}]},{"@type":"ImageObject","inLanguage":"pt","@id":"https:\/\/www.realvnc.com\/pt\/connect\/download-the-vnc-connect-security-whitepaper\/#primaryimage","url":"https:\/\/www.realvnc.com\/wp-content\/uploads\/2022\/02\/vnc-connect-security-whitepaper-cover.width-500.png","contentUrl":"https:\/\/www.realvnc.com\/wp-content\/uploads\/2022\/02\/vnc-connect-security-whitepaper-cover.width-500.png"},{"@type":"BreadcrumbList","@id":"https:\/\/www.realvnc.com\/pt\/connect\/download-the-vnc-connect-security-whitepaper\/#breadcrumb","itemListElement":[{"@type":"ListItem","position":1,"name":"Home","item":"https:\/\/www.realvnc.com\/pt\/"},{"@type":"ListItem","position":2,"name":"Connect","item":"https:\/\/www.realvnc.com\/pt\/connect\/"},{"@type":"ListItem","position":3,"name":"Download the VNC Connect security whitepaper"}]},{"@type":"WebSite","@id":"https:\/\/www.realvnc.com\/pt\/#website","url":"https:\/\/www.realvnc.com\/pt\/","name":"RealVNC\u00ae","description":"The world&#039;s safest remote access software","publisher":{"@id":"https:\/\/www.realvnc.com\/pt\/#organization"},"potentialAction":[{"@type":"SearchAction","target":{"@type":"EntryPoint","urlTemplate":"https:\/\/www.realvnc.com\/pt\/?s={search_term_string}"},"query-input":{"@type":"PropertyValueSpecification","valueRequired":true,"valueName":"search_term_string"}}],"inLanguage":"pt"},{"@type":"Organization","@id":"https:\/\/www.realvnc.com\/pt\/#organization","name":"RealVNC\u00ae","url":"https:\/\/www.realvnc.com\/pt\/","logo":{"@type":"ImageObject","inLanguage":"pt","@id":"https:\/\/www.realvnc.com\/pt\/#\/schema\/logo\/image\/","url":"https:\/\/www.realvnc.com\/wp-content\/uploads\/2023\/05\/realvnc-logo-blue.png","contentUrl":"https:\/\/www.realvnc.com\/wp-content\/uploads\/2023\/05\/realvnc-logo-blue.png","width":300,"height":41,"caption":"RealVNC\u00ae"},"image":{"@id":"https:\/\/www.realvnc.com\/pt\/#\/schema\/logo\/image\/"},"sameAs":["https:\/\/www.facebook.com\/realvnc","https:\/\/x.com\/realvnc","https:\/\/www.linkedin.com\/company\/realvnc\/","https:\/\/www.youtube.com\/RealVNCLtd","https:\/\/en.wikipedia.org\/wiki\/RealVNC"]}]}},"_links":{"self":[{"href":"https:\/\/www.realvnc.com\/pt\/wp-json\/wp\/v2\/pages\/6880","targetHints":{"allow":["GET"]}}],"collection":[{"href":"https:\/\/www.realvnc.com\/pt\/wp-json\/wp\/v2\/pages"}],"about":[{"href":"https:\/\/www.realvnc.com\/pt\/wp-json\/wp\/v2\/types\/page"}],"author":[{"embeddable":true,"href":"https:\/\/www.realvnc.com\/pt\/wp-json\/wp\/v2\/users\/32"}],"replies":[{"embeddable":true,"href":"https:\/\/www.realvnc.com\/pt\/wp-json\/wp\/v2\/comments?post=6880"}],"version-history":[{"count":0,"href":"https:\/\/www.realvnc.com\/pt\/wp-json\/wp\/v2\/pages\/6880\/revisions"}],"up":[{"embeddable":true,"href":"https:\/\/www.realvnc.com\/pt\/wp-json\/wp\/v2\/pages\/6832"}],"wp:attachment":[{"href":"https:\/\/www.realvnc.com\/pt\/wp-json\/wp\/v2\/media?parent=6880"}],"curies":[{"name":"wp","href":"https:\/\/api.w.org\/{rel}","templated":true}]}}