{"id":6878,"date":"2022-02-14T14:36:38","date_gmt":"2022-02-14T14:36:38","guid":{"rendered":"https:\/\/www.realvnc.com\/?page_id=6878"},"modified":"2022-02-18T11:50:50","modified_gmt":"2022-02-18T11:50:50","slug":"download-the-vnc-connect-security-whitepaper","status":"publish","type":"page","link":"https:\/\/www.realvnc.com\/fr\/connect\/download-the-vnc-connect-security-whitepaper\/","title":{"rendered":"Download the VNC Connect security whitepaper"},"content":{"rendered":"\t\t<div data-elementor-type=\"wp-page\" data-elementor-id=\"6878\" class=\"elementor elementor-6878 elementor-3338\" data-elementor-post-type=\"page\">\n\t\t\t\t\t\t<section class=\"elementor-section elementor-top-section elementor-element elementor-element-2ecc0ccc elementor-section-height-min-height elementor-section-stretched elementor-section-boxed elementor-section-height-default elementor-section-items-middle\" data-id=\"2ecc0ccc\" data-element_type=\"section\" data-e-type=\"section\" data-settings=\"{&quot;stretch_section&quot;:&quot;section-stretched&quot;,&quot;background_background&quot;:&quot;classic&quot;}\">\n\t\t\t\t\t\t<div class=\"elementor-container elementor-column-gap-default\">\n\t\t\t\t\t<div class=\"elementor-column elementor-col-100 elementor-top-column elementor-element elementor-element-3e16b7f4\" data-id=\"3e16b7f4\" data-element_type=\"column\" data-e-type=\"column\">\n\t\t\t<div class=\"elementor-widget-wrap elementor-element-populated\">\n\t\t\t\t\t\t<div class=\"elementor-element elementor-element-3c6870be elementor-widget elementor-widget-spacer\" data-id=\"3c6870be\" data-element_type=\"widget\" data-e-type=\"widget\" data-widget_type=\"spacer.default\">\n\t\t\t\t<div class=\"elementor-widget-container\">\n\t\t\t\t\t\t\t<div class=\"elementor-spacer\">\n\t\t\t<div class=\"elementor-spacer-inner\"><\/div>\n\t\t<\/div>\n\t\t\t\t\t\t<\/div>\n\t\t\t\t<\/div>\n\t\t\t\t<div class=\"elementor-element elementor-element-9db91ee elementor-widget elementor-widget-heading\" data-id=\"9db91ee\" data-element_type=\"widget\" data-e-type=\"widget\" data-widget_type=\"heading.default\">\n\t\t\t\t<div class=\"elementor-widget-container\">\n\t\t\t\t\t<h1 class=\"elementor-heading-title elementor-size-default\">T\u00e9l\u00e9charger le Livre blanc sur la s\u00e9curit\u00e9 VNC Connect<\/h1>\t\t\t\t<\/div>\n\t\t\t\t<\/div>\n\t\t\t\t<div class=\"elementor-element elementor-element-43eea8f7 elementor-widget elementor-widget-heading\" data-id=\"43eea8f7\" data-element_type=\"widget\" data-e-type=\"widget\" data-widget_type=\"heading.default\">\n\t\t\t\t<div class=\"elementor-widget-container\">\n\t\t\t\t\t<h3 class=\"elementor-heading-title elementor-size-default\">VNC Connect, un choix s\u00fbr, une solution de confiance<\/h3>\t\t\t\t<\/div>\n\t\t\t\t<\/div>\n\t\t\t\t\t<\/div>\n\t\t<\/div>\n\t\t\t\t\t<\/div>\n\t\t<\/section>\n\t\t\t\t<section class=\"elementor-section elementor-top-section elementor-element elementor-element-3bbd6fbb elementor-section-boxed elementor-section-height-default elementor-section-height-default\" data-id=\"3bbd6fbb\" data-element_type=\"section\" data-e-type=\"section\">\n\t\t\t\t\t\t<div class=\"elementor-container elementor-column-gap-default\">\n\t\t\t\t\t<div class=\"elementor-column elementor-col-100 elementor-top-column elementor-element elementor-element-39212c69\" data-id=\"39212c69\" data-element_type=\"column\" data-e-type=\"column\">\n\t\t\t<div class=\"elementor-widget-wrap elementor-element-populated\">\n\t\t\t\t\t\t<div class=\"elementor-element elementor-element-4f98ff46 elementor-widget elementor-widget-spacer\" data-id=\"4f98ff46\" data-element_type=\"widget\" data-e-type=\"widget\" data-widget_type=\"spacer.default\">\n\t\t\t\t<div class=\"elementor-widget-container\">\n\t\t\t\t\t\t\t<div class=\"elementor-spacer\">\n\t\t\t<div class=\"elementor-spacer-inner\"><\/div>\n\t\t<\/div>\n\t\t\t\t\t\t<\/div>\n\t\t\t\t<\/div>\n\t\t\t\t\t<\/div>\n\t\t<\/div>\n\t\t\t\t\t<\/div>\n\t\t<\/section>\n\t\t\t\t<section class=\"elementor-section elementor-top-section elementor-element elementor-element-7f9e4e77 elementor-section-boxed elementor-section-height-default elementor-section-height-default\" data-id=\"7f9e4e77\" data-element_type=\"section\" data-e-type=\"section\">\n\t\t\t\t\t\t<div class=\"elementor-container elementor-column-gap-wider\">\n\t\t\t\t\t<div class=\"elementor-column elementor-col-50 elementor-top-column elementor-element elementor-element-3541d7f5\" data-id=\"3541d7f5\" data-element_type=\"column\" data-e-type=\"column\">\n\t\t\t<div class=\"elementor-widget-wrap elementor-element-populated\">\n\t\t\t\t\t\t<div class=\"elementor-element elementor-element-3758f1db elementor-widget elementor-widget-text-editor\" data-id=\"3758f1db\" data-element_type=\"widget\" data-e-type=\"widget\" data-widget_type=\"text-editor.default\">\n\t\t\t\t<div class=\"elementor-widget-container\">\n\t\t\t\t\t\t\t\t\t<p>La s\u00e9curit\u00e9 des clients est cruciale pour RealVNC. C&#8217;est pourquoi notre strat\u00e9gie de s\u00e9curit\u00e9 est int\u00e9gr\u00e9e dans chaque aspect de notre logiciel VNC Connect. Nous avons lourdement investi dans notre s\u00e9curit\u00e9 et sommes fiers de nos \u00e9tats de service en la mati\u00e8re.<\/p>\t\t\t\t\t\t\t\t<\/div>\n\t\t\t\t<\/div>\n\t\t\t\t<section class=\"elementor-section elementor-inner-section elementor-element elementor-element-35781cba elementor-section-boxed elementor-section-height-default elementor-section-height-default\" data-id=\"35781cba\" data-element_type=\"section\" data-e-type=\"section\">\n\t\t\t\t\t\t<div class=\"elementor-container elementor-column-gap-no\">\n\t\t\t\t\t<div class=\"elementor-column elementor-col-50 elementor-inner-column elementor-element elementor-element-4c5089f2\" data-id=\"4c5089f2\" data-element_type=\"column\" data-e-type=\"column\">\n\t\t\t<div class=\"elementor-widget-wrap elementor-element-populated\">\n\t\t\t\t\t\t<div class=\"elementor-element elementor-element-2f3a6586 elementor-widget elementor-widget-text-editor\" data-id=\"2f3a6586\" data-element_type=\"widget\" data-e-type=\"widget\" data-widget_type=\"text-editor.default\">\n\t\t\t\t<div class=\"elementor-widget-container\">\n\t\t\t\t\t\t\t\t\t<p>Sujets relatifs \u00e0 la s\u00e9curit\u00e9 abord\u00e9s :<\/p><ul><li>Architecture de s\u00e9curit\u00e9<\/li><li>Infrastructure cloud<\/li><li>S\u00e9curit\u00e9 du client<\/li><li>Proc\u00e9dures de d\u00e9veloppement<\/li><\/ul>\t\t\t\t\t\t\t\t<\/div>\n\t\t\t\t<\/div>\n\t\t\t\t\t<\/div>\n\t\t<\/div>\n\t\t\t\t<div class=\"elementor-column elementor-col-50 elementor-inner-column elementor-element elementor-element-bc24d6\" data-id=\"bc24d6\" data-element_type=\"column\" data-e-type=\"column\">\n\t\t\t<div class=\"elementor-widget-wrap elementor-element-populated\">\n\t\t\t\t\t\t<div class=\"elementor-element elementor-element-37c266a8 elementor-widget elementor-widget-image\" data-id=\"37c266a8\" data-element_type=\"widget\" data-e-type=\"widget\" data-widget_type=\"image.default\">\n\t\t\t\t<div class=\"elementor-widget-container\">\n\t\t\t\t\t\t\t\t\t\t\t\t\t\t\t<img fetchpriority=\"high\" decoding=\"async\" width=\"280\" height=\"307\" src=\"https:\/\/www.realvnc.com\/wp-content\/uploads\/2022\/02\/vnc-connect-security-whitepaper-cover.width-500.png\" class=\"attachment-large size-large wp-image-14761\" alt=\"vnc-connect-security-whitepaper-cover\" srcset=\"https:\/\/www.realvnc.com\/wp-content\/uploads\/2022\/02\/vnc-connect-security-whitepaper-cover.width-500.png 280w, https:\/\/www.realvnc.com\/wp-content\/uploads\/2022\/02\/vnc-connect-security-whitepaper-cover.width-500-274x300.png 274w\" sizes=\"(max-width: 280px) 100vw, 280px\" \/>\t\t\t\t\t\t\t\t\t\t\t\t\t\t\t<\/div>\n\t\t\t\t<\/div>\n\t\t\t\t\t<\/div>\n\t\t<\/div>\n\t\t\t\t\t<\/div>\n\t\t<\/section>\n\t\t\t\t<div class=\"elementor-element elementor-element-62965bd1 elementor-widget elementor-widget-text-editor\" data-id=\"62965bd1\" data-element_type=\"widget\" data-e-type=\"widget\" data-widget_type=\"text-editor.default\">\n\t\t\t\t<div class=\"elementor-widget-container\">\n\t\t\t\t\t\t\t\t\t<p>Ce document d\u00e9crit les mesures coh\u00e9rentes mises en \u0153uvre pour assurer la s\u00e9curit\u00e9 maximale des connexions d&#8217;acc\u00e8s \u00e0 distance via VNC Connect.<\/p><p>Merci de compl\u00e9ter les champs ci-dessous pour lancer le t\u00e9l\u00e9chargement.<\/p>\t\t\t\t\t\t\t\t<\/div>\n\t\t\t\t<\/div>\n\t\t\t\t\t<\/div>\n\t\t<\/div>\n\t\t\t\t<div class=\"elementor-column elementor-col-50 elementor-top-column elementor-element elementor-element-2aed15e6\" data-id=\"2aed15e6\" data-element_type=\"column\" data-e-type=\"column\">\n\t\t\t<div class=\"elementor-widget-wrap elementor-element-populated\">\n\t\t\t\t\t\t<div class=\"elementor-element elementor-element-c18bce8 elementor-widget elementor-widget-shortcode\" data-id=\"c18bce8\" data-element_type=\"widget\" data-e-type=\"widget\" data-widget_type=\"shortcode.default\">\n\t\t\t\t<div class=\"elementor-widget-container\">\n\t\t\t\t\t\t\t<div class=\"elementor-shortcode\">\n\t\t\t\t\t\t<script>\n\t\t\t\t\t\t\twindow.hsFormsOnReady = window.hsFormsOnReady || [];\n\t\t\t\t\t\t\twindow.hsFormsOnReady.push(()=>{\n\t\t\t\t\t\t\t\thbspt.forms.create({\n\t\t\t\t\t\t\t\t\tportalId: 2252956,\n\t\t\t\t\t\t\t\t\tformId: \"6581293d-1680-4576-a081-43b008450cb0\",\n\t\t\t\t\t\t\t\t\ttarget: \"#hbspt-form-1776474560000-0984815405\",\n\t\t\t\t\t\t\t\t\tregion: \"\",\n\t\t\t\t\t\t\t\t\t\n\t\t\t\t\t\t\t})});\n\t\t\t\t\t\t<\/script>\n\t\t\t\t\t\t<div class=\"hbspt-form\" id=\"hbspt-form-1776474560000-0984815405\"><\/div><\/div>\n\t\t\t\t\t\t<\/div>\n\t\t\t\t<\/div>\n\t\t\t\t\t<\/div>\n\t\t<\/div>\n\t\t\t\t\t<\/div>\n\t\t<\/section>\n\t\t\t\t<section class=\"elementor-section elementor-top-section elementor-element elementor-element-6b3a8b94 elementor-section-boxed elementor-section-height-default elementor-section-height-default\" data-id=\"6b3a8b94\" data-element_type=\"section\" data-e-type=\"section\">\n\t\t\t\t\t\t<div class=\"elementor-container elementor-column-gap-default\">\n\t\t\t\t\t<div class=\"elementor-column elementor-col-100 elementor-top-column elementor-element elementor-element-351a3985\" data-id=\"351a3985\" data-element_type=\"column\" data-e-type=\"column\">\n\t\t\t<div class=\"elementor-widget-wrap elementor-element-populated\">\n\t\t\t\t\t\t<div class=\"elementor-element elementor-element-585c94fc elementor-widget elementor-widget-spacer\" data-id=\"585c94fc\" data-element_type=\"widget\" data-e-type=\"widget\" data-widget_type=\"spacer.default\">\n\t\t\t\t<div class=\"elementor-widget-container\">\n\t\t\t\t\t\t\t<div class=\"elementor-spacer\">\n\t\t\t<div class=\"elementor-spacer-inner\"><\/div>\n\t\t<\/div>\n\t\t\t\t\t\t<\/div>\n\t\t\t\t<\/div>\n\t\t\t\t\t<\/div>\n\t\t<\/div>\n\t\t\t\t\t<\/div>\n\t\t<\/section>\n\t\t\t\t<\/div>\n\t\t","protected":false},"excerpt":{"rendered":"<p>T\u00e9l\u00e9charger le Livre blanc sur la s\u00e9curit\u00e9 VNC Connect VNC Connect, un choix s\u00fbr, une solution de confiance La s\u00e9curit\u00e9 des clients est cruciale pour RealVNC. C&#8217;est pourquoi notre strat\u00e9gie de s\u00e9curit\u00e9 est int\u00e9gr\u00e9e dans chaque aspect de notre logiciel VNC Connect. Nous avons lourdement investi dans notre s\u00e9curit\u00e9 et sommes fiers de nos \u00e9tats &#8230; <a title=\"Download the VNC Connect security whitepaper\" class=\"read-more\" href=\"https:\/\/www.realvnc.com\/fr\/connect\/download-the-vnc-connect-security-whitepaper\/\" aria-label=\"Read more about Download the VNC Connect security whitepaper\">Read more<\/a><\/p>\n","protected":false},"author":32,"featured_media":0,"parent":6795,"menu_order":0,"comment_status":"closed","ping_status":"closed","template":"","meta":{"content-type":"","footnotes":""},"class_list":["post-6878","page","type-page","status-publish"],"yoast_head":"<!-- This site is optimized with the Yoast SEO plugin v27.3 - https:\/\/yoast.com\/product\/yoast-seo-wordpress\/ -->\n<title>Livre blanc sur la s\u00e9curit\u00e9 VNC Connect | VNC Connect<\/title>\n<meta name=\"description\" content=\"La s\u00e9curit\u00e9 des clients est cruciale pour RealVNC. C&#039;est pourquoi notre strat\u00e9gie de s\u00e9curit\u00e9 est int\u00e9gr\u00e9e dans chaque aspect de notre logiciel VNC Connect.\" \/>\n<meta name=\"robots\" content=\"index, follow, max-snippet:-1, max-image-preview:large, max-video-preview:-1\" \/>\n<link rel=\"canonical\" href=\"https:\/\/www.realvnc.com\/fr\/connect\/download-the-vnc-connect-security-whitepaper\/\" \/>\n<meta property=\"og:locale\" content=\"fr_FR\" \/>\n<meta property=\"og:type\" content=\"article\" \/>\n<meta property=\"og:title\" content=\"Livre blanc sur la s\u00e9curit\u00e9 VNC Connect | VNC Connect\" \/>\n<meta property=\"og:description\" content=\"La s\u00e9curit\u00e9 des clients est cruciale pour RealVNC. C&#039;est pourquoi notre strat\u00e9gie de s\u00e9curit\u00e9 est int\u00e9gr\u00e9e dans chaque aspect de notre logiciel VNC Connect.\" \/>\n<meta property=\"og:url\" content=\"https:\/\/www.realvnc.com\/fr\/connect\/download-the-vnc-connect-security-whitepaper\/\" \/>\n<meta property=\"og:site_name\" content=\"RealVNC\u00ae\" \/>\n<meta property=\"article:publisher\" content=\"https:\/\/www.facebook.com\/realvnc\" \/>\n<meta property=\"article:modified_time\" content=\"2022-02-18T11:50:50+00:00\" \/>\n<meta property=\"og:image\" content=\"https:\/\/www.realvnc.com\/wp-content\/uploads\/2022\/02\/vnc-connect-security-whitepaper-cover.width-500.png\" \/>\n<meta name=\"twitter:card\" content=\"summary_large_image\" \/>\n<meta name=\"twitter:site\" content=\"@realvnc\" \/>\n<meta name=\"twitter:label1\" content=\"Dur\u00e9e de lecture estim\u00e9e\" \/>\n\t<meta name=\"twitter:data1\" content=\"1 minute\" \/>\n<script type=\"application\/ld+json\" class=\"yoast-schema-graph\">{\"@context\":\"https:\\\/\\\/schema.org\",\"@graph\":[{\"@type\":\"WebPage\",\"@id\":\"https:\\\/\\\/www.realvnc.com\\\/fr\\\/connect\\\/download-the-vnc-connect-security-whitepaper\\\/\",\"url\":\"https:\\\/\\\/www.realvnc.com\\\/fr\\\/connect\\\/download-the-vnc-connect-security-whitepaper\\\/\",\"name\":\"Livre blanc sur la s\u00e9curit\u00e9 VNC Connect | VNC Connect\",\"isPartOf\":{\"@id\":\"https:\\\/\\\/www.realvnc.com\\\/fr\\\/#website\"},\"primaryImageOfPage\":{\"@id\":\"https:\\\/\\\/www.realvnc.com\\\/fr\\\/connect\\\/download-the-vnc-connect-security-whitepaper\\\/#primaryimage\"},\"image\":{\"@id\":\"https:\\\/\\\/www.realvnc.com\\\/fr\\\/connect\\\/download-the-vnc-connect-security-whitepaper\\\/#primaryimage\"},\"thumbnailUrl\":\"https:\\\/\\\/www.realvnc.com\\\/wp-content\\\/uploads\\\/2022\\\/02\\\/vnc-connect-security-whitepaper-cover.width-500.png\",\"datePublished\":\"2022-02-14T14:36:38+00:00\",\"dateModified\":\"2022-02-18T11:50:50+00:00\",\"description\":\"La s\u00e9curit\u00e9 des clients est cruciale pour RealVNC. C'est pourquoi notre strat\u00e9gie de s\u00e9curit\u00e9 est int\u00e9gr\u00e9e dans chaque aspect de notre logiciel VNC Connect.\",\"breadcrumb\":{\"@id\":\"https:\\\/\\\/www.realvnc.com\\\/fr\\\/connect\\\/download-the-vnc-connect-security-whitepaper\\\/#breadcrumb\"},\"inLanguage\":\"fr-FR\",\"potentialAction\":[{\"@type\":\"ReadAction\",\"target\":[\"https:\\\/\\\/www.realvnc.com\\\/fr\\\/connect\\\/download-the-vnc-connect-security-whitepaper\\\/\"]}]},{\"@type\":\"ImageObject\",\"inLanguage\":\"fr-FR\",\"@id\":\"https:\\\/\\\/www.realvnc.com\\\/fr\\\/connect\\\/download-the-vnc-connect-security-whitepaper\\\/#primaryimage\",\"url\":\"https:\\\/\\\/www.realvnc.com\\\/wp-content\\\/uploads\\\/2022\\\/02\\\/vnc-connect-security-whitepaper-cover.width-500.png\",\"contentUrl\":\"https:\\\/\\\/www.realvnc.com\\\/wp-content\\\/uploads\\\/2022\\\/02\\\/vnc-connect-security-whitepaper-cover.width-500.png\"},{\"@type\":\"BreadcrumbList\",\"@id\":\"https:\\\/\\\/www.realvnc.com\\\/fr\\\/connect\\\/download-the-vnc-connect-security-whitepaper\\\/#breadcrumb\",\"itemListElement\":[{\"@type\":\"ListItem\",\"position\":1,\"name\":\"Home\",\"item\":\"https:\\\/\\\/www.realvnc.com\\\/fr\\\/\"},{\"@type\":\"ListItem\",\"position\":2,\"name\":\"Connect\",\"item\":\"https:\\\/\\\/www.realvnc.com\\\/fr\\\/connect\\\/\"},{\"@type\":\"ListItem\",\"position\":3,\"name\":\"Download the VNC Connect security whitepaper\"}]},{\"@type\":\"WebSite\",\"@id\":\"https:\\\/\\\/www.realvnc.com\\\/fr\\\/#website\",\"url\":\"https:\\\/\\\/www.realvnc.com\\\/fr\\\/\",\"name\":\"RealVNC\u00ae\",\"description\":\"The world&#039;s safest remote access software\",\"publisher\":{\"@id\":\"https:\\\/\\\/www.realvnc.com\\\/fr\\\/#organization\"},\"potentialAction\":[{\"@type\":\"SearchAction\",\"target\":{\"@type\":\"EntryPoint\",\"urlTemplate\":\"https:\\\/\\\/www.realvnc.com\\\/fr\\\/?s={search_term_string}\"},\"query-input\":{\"@type\":\"PropertyValueSpecification\",\"valueRequired\":true,\"valueName\":\"search_term_string\"}}],\"inLanguage\":\"fr-FR\"},{\"@type\":\"Organization\",\"@id\":\"https:\\\/\\\/www.realvnc.com\\\/fr\\\/#organization\",\"name\":\"RealVNC\u00ae\",\"url\":\"https:\\\/\\\/www.realvnc.com\\\/fr\\\/\",\"logo\":{\"@type\":\"ImageObject\",\"inLanguage\":\"fr-FR\",\"@id\":\"https:\\\/\\\/www.realvnc.com\\\/fr\\\/#\\\/schema\\\/logo\\\/image\\\/\",\"url\":\"https:\\\/\\\/www.realvnc.com\\\/wp-content\\\/uploads\\\/2023\\\/05\\\/realvnc-logo-blue.png\",\"contentUrl\":\"https:\\\/\\\/www.realvnc.com\\\/wp-content\\\/uploads\\\/2023\\\/05\\\/realvnc-logo-blue.png\",\"width\":300,\"height\":41,\"caption\":\"RealVNC\u00ae\"},\"image\":{\"@id\":\"https:\\\/\\\/www.realvnc.com\\\/fr\\\/#\\\/schema\\\/logo\\\/image\\\/\"},\"sameAs\":[\"https:\\\/\\\/www.facebook.com\\\/realvnc\",\"https:\\\/\\\/x.com\\\/realvnc\",\"https:\\\/\\\/www.linkedin.com\\\/company\\\/realvnc\\\/\",\"https:\\\/\\\/www.youtube.com\\\/RealVNCLtd\",\"https:\\\/\\\/en.wikipedia.org\\\/wiki\\\/RealVNC\"]}]}<\/script>\n<!-- \/ Yoast SEO plugin. -->","yoast_head_json":{"title":"Livre blanc sur la s\u00e9curit\u00e9 VNC Connect | VNC Connect","description":"La s\u00e9curit\u00e9 des clients est cruciale pour RealVNC. C'est pourquoi notre strat\u00e9gie de s\u00e9curit\u00e9 est int\u00e9gr\u00e9e dans chaque aspect de notre logiciel VNC Connect.","robots":{"index":"index","follow":"follow","max-snippet":"max-snippet:-1","max-image-preview":"max-image-preview:large","max-video-preview":"max-video-preview:-1"},"canonical":"https:\/\/www.realvnc.com\/fr\/connect\/download-the-vnc-connect-security-whitepaper\/","og_locale":"fr_FR","og_type":"article","og_title":"Livre blanc sur la s\u00e9curit\u00e9 VNC Connect | VNC Connect","og_description":"La s\u00e9curit\u00e9 des clients est cruciale pour RealVNC. C'est pourquoi notre strat\u00e9gie de s\u00e9curit\u00e9 est int\u00e9gr\u00e9e dans chaque aspect de notre logiciel VNC Connect.","og_url":"https:\/\/www.realvnc.com\/fr\/connect\/download-the-vnc-connect-security-whitepaper\/","og_site_name":"RealVNC\u00ae","article_publisher":"https:\/\/www.facebook.com\/realvnc","article_modified_time":"2022-02-18T11:50:50+00:00","og_image":[{"url":"https:\/\/www.realvnc.com\/wp-content\/uploads\/2022\/02\/vnc-connect-security-whitepaper-cover.width-500.png","type":"","width":"","height":""}],"twitter_card":"summary_large_image","twitter_site":"@realvnc","twitter_misc":{"Dur\u00e9e de lecture estim\u00e9e":"1 minute"},"schema":{"@context":"https:\/\/schema.org","@graph":[{"@type":"WebPage","@id":"https:\/\/www.realvnc.com\/fr\/connect\/download-the-vnc-connect-security-whitepaper\/","url":"https:\/\/www.realvnc.com\/fr\/connect\/download-the-vnc-connect-security-whitepaper\/","name":"Livre blanc sur la s\u00e9curit\u00e9 VNC Connect | VNC Connect","isPartOf":{"@id":"https:\/\/www.realvnc.com\/fr\/#website"},"primaryImageOfPage":{"@id":"https:\/\/www.realvnc.com\/fr\/connect\/download-the-vnc-connect-security-whitepaper\/#primaryimage"},"image":{"@id":"https:\/\/www.realvnc.com\/fr\/connect\/download-the-vnc-connect-security-whitepaper\/#primaryimage"},"thumbnailUrl":"https:\/\/www.realvnc.com\/wp-content\/uploads\/2022\/02\/vnc-connect-security-whitepaper-cover.width-500.png","datePublished":"2022-02-14T14:36:38+00:00","dateModified":"2022-02-18T11:50:50+00:00","description":"La s\u00e9curit\u00e9 des clients est cruciale pour RealVNC. C'est pourquoi notre strat\u00e9gie de s\u00e9curit\u00e9 est int\u00e9gr\u00e9e dans chaque aspect de notre logiciel VNC Connect.","breadcrumb":{"@id":"https:\/\/www.realvnc.com\/fr\/connect\/download-the-vnc-connect-security-whitepaper\/#breadcrumb"},"inLanguage":"fr-FR","potentialAction":[{"@type":"ReadAction","target":["https:\/\/www.realvnc.com\/fr\/connect\/download-the-vnc-connect-security-whitepaper\/"]}]},{"@type":"ImageObject","inLanguage":"fr-FR","@id":"https:\/\/www.realvnc.com\/fr\/connect\/download-the-vnc-connect-security-whitepaper\/#primaryimage","url":"https:\/\/www.realvnc.com\/wp-content\/uploads\/2022\/02\/vnc-connect-security-whitepaper-cover.width-500.png","contentUrl":"https:\/\/www.realvnc.com\/wp-content\/uploads\/2022\/02\/vnc-connect-security-whitepaper-cover.width-500.png"},{"@type":"BreadcrumbList","@id":"https:\/\/www.realvnc.com\/fr\/connect\/download-the-vnc-connect-security-whitepaper\/#breadcrumb","itemListElement":[{"@type":"ListItem","position":1,"name":"Home","item":"https:\/\/www.realvnc.com\/fr\/"},{"@type":"ListItem","position":2,"name":"Connect","item":"https:\/\/www.realvnc.com\/fr\/connect\/"},{"@type":"ListItem","position":3,"name":"Download the VNC Connect security whitepaper"}]},{"@type":"WebSite","@id":"https:\/\/www.realvnc.com\/fr\/#website","url":"https:\/\/www.realvnc.com\/fr\/","name":"RealVNC\u00ae","description":"The world&#039;s safest remote access software","publisher":{"@id":"https:\/\/www.realvnc.com\/fr\/#organization"},"potentialAction":[{"@type":"SearchAction","target":{"@type":"EntryPoint","urlTemplate":"https:\/\/www.realvnc.com\/fr\/?s={search_term_string}"},"query-input":{"@type":"PropertyValueSpecification","valueRequired":true,"valueName":"search_term_string"}}],"inLanguage":"fr-FR"},{"@type":"Organization","@id":"https:\/\/www.realvnc.com\/fr\/#organization","name":"RealVNC\u00ae","url":"https:\/\/www.realvnc.com\/fr\/","logo":{"@type":"ImageObject","inLanguage":"fr-FR","@id":"https:\/\/www.realvnc.com\/fr\/#\/schema\/logo\/image\/","url":"https:\/\/www.realvnc.com\/wp-content\/uploads\/2023\/05\/realvnc-logo-blue.png","contentUrl":"https:\/\/www.realvnc.com\/wp-content\/uploads\/2023\/05\/realvnc-logo-blue.png","width":300,"height":41,"caption":"RealVNC\u00ae"},"image":{"@id":"https:\/\/www.realvnc.com\/fr\/#\/schema\/logo\/image\/"},"sameAs":["https:\/\/www.facebook.com\/realvnc","https:\/\/x.com\/realvnc","https:\/\/www.linkedin.com\/company\/realvnc\/","https:\/\/www.youtube.com\/RealVNCLtd","https:\/\/en.wikipedia.org\/wiki\/RealVNC"]}]}},"_links":{"self":[{"href":"https:\/\/www.realvnc.com\/fr\/wp-json\/wp\/v2\/pages\/6878","targetHints":{"allow":["GET"]}}],"collection":[{"href":"https:\/\/www.realvnc.com\/fr\/wp-json\/wp\/v2\/pages"}],"about":[{"href":"https:\/\/www.realvnc.com\/fr\/wp-json\/wp\/v2\/types\/page"}],"author":[{"embeddable":true,"href":"https:\/\/www.realvnc.com\/fr\/wp-json\/wp\/v2\/users\/32"}],"replies":[{"embeddable":true,"href":"https:\/\/www.realvnc.com\/fr\/wp-json\/wp\/v2\/comments?post=6878"}],"version-history":[{"count":0,"href":"https:\/\/www.realvnc.com\/fr\/wp-json\/wp\/v2\/pages\/6878\/revisions"}],"up":[{"embeddable":true,"href":"https:\/\/www.realvnc.com\/fr\/wp-json\/wp\/v2\/pages\/6795"}],"wp:attachment":[{"href":"https:\/\/www.realvnc.com\/fr\/wp-json\/wp\/v2\/media?parent=6878"}],"curies":[{"name":"wp","href":"https:\/\/api.w.org\/{rel}","templated":true}]}}